{"id":484,"date":"2025-02-20T14:11:35","date_gmt":"2025-02-20T13:11:35","guid":{"rendered":"https:\/\/masterf.com.pl\/?page_id=484"},"modified":"2025-12-18T15:44:25","modified_gmt":"2025-12-18T14:44:25","slug":"484-2","status":"publish","type":"page","link":"https:\/\/masterf.com.pl\/?page_id=484","title":{"rendered":"InsERT"},"content":{"rendered":"\n<div class=\"wp-block-group alignfull has-global-padding is-layout-constrained wp-container-core-group-is-layout-00533500 wp-block-group-is-layout-constrained\" style=\"margin-top:var(--wp--preset--spacing--10);margin-bottom:var(--wp--preset--spacing--10);padding-top:var(--wp--preset--spacing--50);padding-right:var(--wp--preset--spacing--50);padding-bottom:var(--wp--preset--spacing--50);padding-left:var(--wp--preset--spacing--50)\">\n<div class=\"wp-block-group is-vertical is-content-justification-center is-layout-flex wp-container-core-group-is-layout-ce155fab wp-block-group-is-layout-flex\">\n<h2 class=\"wp-block-heading has-text-align-center has-xx-large-font-size\">Programy dla firm z obs\u0142ug\u0105 KSeF<\/h2>\n\n\n\n<h4 class=\"wp-block-heading has-text-align-center\"><strong>InsERT<\/strong>&nbsp;od 30 lat tworzy programy dla ma\u0142ych i \u015brednich firm &#8211; systemy do obs\u0142ugi sprzeda\u017cy, ksi\u0119gowo\u015bci, finans\u00f3w, kadr i p\u0142ac, zarz\u0105dzania relacjami z klientami, aplikacje do prowadzenia e-sklepu czy fakturowania online, a tak\u017ce kompleksowy system ERP. <\/h4>\n<\/div>\n\n\n\n<div style=\"height:var(--wp--preset--spacing--30)\" aria-hidden=\"true\" class=\"wp-block-spacer\"><\/div>\n\n\n\n<h2 class=\"wp-block-heading has-text-align-center\">InsERT GT<\/h2>\n\n\n\n<h6 class=\"wp-block-heading has-text-align-center\">dobra wsp\u00f3\u0142praca r\u00f3wnie\u017c ze starszym sprz\u0119tem<\/h6>\n\n\n\n<h6 class=\"wp-block-heading has-text-align-center\">klasyka i sprawdzone rozwi\u0105zania<\/h6>\n\n\n\n<h6 class=\"wp-block-heading has-text-align-center\">ulubieniec MSP \u2013 to najcz\u0119\u015bciej wybierany system w Polsce<\/h6>\n\n\n\n<h6 class=\"wp-block-heading has-text-align-center\">wieloletnia obecno\u015b\u0107 na rynku<\/h6>\n\n\n\n<h6 class=\"wp-block-heading has-text-align-center\">doceniany przez przedsi\u0119biorc\u00f3w, organizacje biznesowe i media<\/h6>\n\n\n\n<div style=\"height:30px\" aria-hidden=\"true\" class=\"wp-block-spacer\"><\/div>\n\n\n\n<div class=\"wp-block-columns alignwide is-layout-flex wp-container-core-columns-is-layout-4935966c wp-block-columns-is-layout-flex\" style=\"padding-right:0;padding-left:0\">\n<div class=\"wp-block-column is-layout-flow wp-block-column-is-layout-flow\">\n<figure class=\"wp-block-image aligncenter size-large is-style-rounded is-style-rounded--1\"><a href=\"https:\/\/masterf.com.pl\/?page_id=721\"><img fetchpriority=\"high\" decoding=\"async\" width=\"742\" height=\"1024\" src=\"http:\/\/masterf.com.pl\/wp-content\/uploads\/2025\/02\/Subiekt_GT_pudelko-742x1024.png\" alt=\"\" class=\"wp-image-486\" srcset=\"https:\/\/masterf.com.pl\/wp-content\/uploads\/2025\/02\/Subiekt_GT_pudelko-742x1024.png 742w, https:\/\/masterf.com.pl\/wp-content\/uploads\/2025\/02\/Subiekt_GT_pudelko-217x300.png 217w, https:\/\/masterf.com.pl\/wp-content\/uploads\/2025\/02\/Subiekt_GT_pudelko-768x1059.png 768w, https:\/\/masterf.com.pl\/wp-content\/uploads\/2025\/02\/Subiekt_GT_pudelko-1114x1536.png 1114w, https:\/\/masterf.com.pl\/wp-content\/uploads\/2025\/02\/Subiekt_GT_pudelko-1485x2048.png 1485w, https:\/\/masterf.com.pl\/wp-content\/uploads\/2025\/02\/Subiekt_GT_pudelko.png 1642w\" sizes=\"(max-width: 742px) 100vw, 742px\" \/><\/a><\/figure>\n\n\n\n<div class=\"wp-block-group is-vertical is-content-justification-center is-nowrap is-layout-flex wp-container-core-group-is-layout-21d4e958 wp-block-group-is-layout-flex\">\n<p class=\"has-text-align-center has-small-font-size\"><strong>Subiekt GT z KSeF<\/strong><\/p>\n\n\n\n<p class=\"has-text-align-center has-small-font-size\">Nowoczesny, intuicyjny system obs\u0142ugi sprzeda\u017cy i magazyn\u00f3w.<\/p>\n<\/div>\n<\/div>\n\n\n\n<div class=\"wp-block-column is-layout-flow wp-block-column-is-layout-flow\">\n<figure class=\"wp-block-image size-large is-style-rounded is-style-rounded--2\"><a href=\"https:\/\/masterf.com.pl\/?page_id=707\"><img decoding=\"async\" width=\"742\" height=\"1024\" src=\"http:\/\/masterf.com.pl\/wp-content\/uploads\/2025\/02\/Rewizor_GT_pudelko-742x1024.png\" alt=\"\" class=\"wp-image-491\" srcset=\"https:\/\/masterf.com.pl\/wp-content\/uploads\/2025\/02\/Rewizor_GT_pudelko-742x1024.png 742w, https:\/\/masterf.com.pl\/wp-content\/uploads\/2025\/02\/Rewizor_GT_pudelko-217x300.png 217w, https:\/\/masterf.com.pl\/wp-content\/uploads\/2025\/02\/Rewizor_GT_pudelko-768x1059.png 768w, https:\/\/masterf.com.pl\/wp-content\/uploads\/2025\/02\/Rewizor_GT_pudelko-1114x1536.png 1114w, https:\/\/masterf.com.pl\/wp-content\/uploads\/2025\/02\/Rewizor_GT_pudelko-1485x2048.png 1485w, https:\/\/masterf.com.pl\/wp-content\/uploads\/2025\/02\/Rewizor_GT_pudelko.png 1642w\" sizes=\"(max-width: 742px) 100vw, 742px\" \/><\/a><\/figure>\n\n\n\n<div class=\"wp-block-group is-vertical is-content-justification-center is-nowrap is-layout-flex wp-container-core-group-is-layout-63bfd6c1 wp-block-group-is-layout-flex\">\n<p class=\"has-text-align-center has-small-font-size\"><strong>Rewizor GT<\/strong> <strong>z KSeF<\/strong><\/p>\n\n\n\n<p class=\"has-text-align-center has-small-font-size\">System finansowo-ksi\u0119gowy u\u0142atwiaj\u0105cy prowadzenie pe\u0142nej ksi\u0119gowo\u015bci.<\/p>\n<\/div>\n<\/div>\n\n\n\n<div class=\"wp-block-column is-layout-flow wp-block-column-is-layout-flow\">\n<figure class=\"wp-block-image size-large is-style-rounded is-style-rounded--3\"><a href=\"https:\/\/masterf.com.pl\/?page_id=725\"><img decoding=\"async\" width=\"742\" height=\"1024\" src=\"http:\/\/masterf.com.pl\/wp-content\/uploads\/2025\/02\/Rachmistrz_GT_pudelko-742x1024.png\" alt=\"\" class=\"wp-image-494\" srcset=\"https:\/\/masterf.com.pl\/wp-content\/uploads\/2025\/02\/Rachmistrz_GT_pudelko-742x1024.png 742w, https:\/\/masterf.com.pl\/wp-content\/uploads\/2025\/02\/Rachmistrz_GT_pudelko-217x300.png 217w, https:\/\/masterf.com.pl\/wp-content\/uploads\/2025\/02\/Rachmistrz_GT_pudelko-768x1059.png 768w, https:\/\/masterf.com.pl\/wp-content\/uploads\/2025\/02\/Rachmistrz_GT_pudelko-1114x1536.png 1114w, https:\/\/masterf.com.pl\/wp-content\/uploads\/2025\/02\/Rachmistrz_GT_pudelko-1485x2048.png 1485w, https:\/\/masterf.com.pl\/wp-content\/uploads\/2025\/02\/Rachmistrz_GT_pudelko.png 1642w\" sizes=\"(max-width: 742px) 100vw, 742px\" \/><\/a><\/figure>\n\n\n\n<div class=\"wp-block-group is-vertical is-content-justification-center is-nowrap is-layout-flex wp-container-core-group-is-layout-63bfd6c1 wp-block-group-is-layout-flex\">\n<p class=\"has-text-align-center has-small-font-size\"><strong>Rachmistrz GT z KSeF<\/strong><\/p>\n\n\n\n<p class=\"has-text-align-center has-small-font-size\">Ksi\u0119ga przychod\u00f3w i rozchod\u00f3w oraz system naliczania podatku zrycza\u0142towanego.<\/p>\n<\/div>\n<\/div>\n\n\n\n<div class=\"wp-block-column is-layout-flow wp-block-column-is-layout-flow\">\n<figure class=\"wp-block-image size-large is-style-rounded is-style-rounded--4\"><a href=\"https:\/\/masterf.com.pl\/?page_id=761\"><img loading=\"lazy\" decoding=\"async\" width=\"742\" height=\"1024\" src=\"http:\/\/masterf.com.pl\/wp-content\/uploads\/2025\/02\/Gratyfikant_GT_pudelko-742x1024.png\" alt=\"\" class=\"wp-image-497\" srcset=\"https:\/\/masterf.com.pl\/wp-content\/uploads\/2025\/02\/Gratyfikant_GT_pudelko-742x1024.png 742w, https:\/\/masterf.com.pl\/wp-content\/uploads\/2025\/02\/Gratyfikant_GT_pudelko-217x300.png 217w, https:\/\/masterf.com.pl\/wp-content\/uploads\/2025\/02\/Gratyfikant_GT_pudelko-768x1059.png 768w, https:\/\/masterf.com.pl\/wp-content\/uploads\/2025\/02\/Gratyfikant_GT_pudelko-1114x1536.png 1114w, https:\/\/masterf.com.pl\/wp-content\/uploads\/2025\/02\/Gratyfikant_GT_pudelko-1485x2048.png 1485w, https:\/\/masterf.com.pl\/wp-content\/uploads\/2025\/02\/Gratyfikant_GT_pudelko.png 1642w\" sizes=\"(max-width: 742px) 100vw, 742px\" \/><\/a><\/figure>\n\n\n\n<div class=\"wp-block-group is-vertical is-content-justification-center is-nowrap is-layout-flex wp-container-core-group-is-layout-21d4e958 wp-block-group-is-layout-flex\">\n<p class=\"has-text-align-center has-small-font-size\"><strong>Gratyfikant GT<\/strong> <strong>z KSeF<\/strong><\/p>\n\n\n\n<p class=\"has-text-align-center has-small-font-size\">Nowoczesny, bogaty funkcjonalnie system kadrowo-p\u0142acowy.<\/p>\n<\/div>\n<\/div>\n<\/div>\n<\/div>\n\n\n\n<div class=\"wp-block-group alignfull has-global-padding is-layout-constrained wp-container-core-group-is-layout-b41c90d3 wp-block-group-is-layout-constrained\" style=\"margin-top:0;margin-bottom:0;padding-top:0;padding-right:var(--wp--preset--spacing--50);padding-bottom:0;padding-left:var(--wp--preset--spacing--50)\">\n<h2 class=\"wp-block-heading has-text-align-center\">InsERT nexo<\/h2>\n\n\n\n<h6 class=\"wp-block-heading has-text-align-center\">\u0142atwy przep\u0142yw danych pomi\u0119dzy programami<\/h6>\n\n\n\n<h6 class=\"wp-block-heading has-text-align-center\">nowoczesno\u015b\u0107<\/h6>\n\n\n\n<h6 class=\"wp-block-heading has-text-align-center\">intuicyjny i estetyczny interfejs<\/h6>\n\n\n\n<h6 class=\"wp-block-heading has-text-align-center\">kompleksowa funkcjonalno\u015b\u0107<\/h6>\n\n\n\n<h6 class=\"wp-block-heading has-text-align-center\">indywidualne rozwi\u0105zania<\/h6>\n\n\n\n<div style=\"height:30px\" aria-hidden=\"true\" class=\"wp-block-spacer\"><\/div>\n\n\n\n<div class=\"wp-block-columns alignwide is-layout-flex wp-container-core-columns-is-layout-4935966c wp-block-columns-is-layout-flex\" style=\"padding-right:0;padding-left:0\">\n<div class=\"wp-block-column is-layout-flow wp-block-column-is-layout-flow\">\n<figure class=\"wp-block-image aligncenter size-large is-style-rounded is-style-rounded--5\"><a href=\"https:\/\/masterf.com.pl\/?page_id=775\"><img loading=\"lazy\" decoding=\"async\" width=\"743\" height=\"1024\" src=\"https:\/\/masterf.com.pl\/wp-content\/uploads\/2025\/02\/Subiekt_nexo_1_stanowisko_pudelko-743x1024.png\" alt=\"\" class=\"wp-image-508\" srcset=\"https:\/\/masterf.com.pl\/wp-content\/uploads\/2025\/02\/Subiekt_nexo_1_stanowisko_pudelko-743x1024.png 743w, https:\/\/masterf.com.pl\/wp-content\/uploads\/2025\/02\/Subiekt_nexo_1_stanowisko_pudelko-218x300.png 218w, https:\/\/masterf.com.pl\/wp-content\/uploads\/2025\/02\/Subiekt_nexo_1_stanowisko_pudelko-768x1058.png 768w, https:\/\/masterf.com.pl\/wp-content\/uploads\/2025\/02\/Subiekt_nexo_1_stanowisko_pudelko-1115x1536.png 1115w, https:\/\/masterf.com.pl\/wp-content\/uploads\/2025\/02\/Subiekt_nexo_1_stanowisko_pudelko-1487x2048.png 1487w, https:\/\/masterf.com.pl\/wp-content\/uploads\/2025\/02\/Subiekt_nexo_1_stanowisko_pudelko.png 1642w\" sizes=\"(max-width: 743px) 100vw, 743px\" \/><\/a><\/figure>\n\n\n\n<div class=\"wp-block-group is-vertical is-content-justification-center is-nowrap is-layout-flex wp-container-core-group-is-layout-21d4e958 wp-block-group-is-layout-flex\">\n<p class=\"has-text-align-center has-small-font-size\"><strong>Subiekt nexo<\/strong> <strong>z KSeF<\/strong><\/p>\n\n\n\n<p class=\"has-text-align-center has-small-font-size\">Nowoczesny, intuicyjny system obs\u0142ugi sprzeda\u017cy i magazyn\u00f3w.<\/p>\n<\/div>\n<\/div>\n\n\n\n<div class=\"wp-block-column is-layout-flow wp-block-column-is-layout-flow\">\n<figure class=\"wp-block-image size-large is-style-rounded is-style-rounded--6\"><a href=\"https:\/\/masterf.com.pl\/?page_id=785\"><img loading=\"lazy\" decoding=\"async\" width=\"743\" height=\"1024\" src=\"https:\/\/masterf.com.pl\/wp-content\/uploads\/2025\/02\/Rewizor_nexo_1_stanowisko_pudelko-743x1024.png\" alt=\"\" class=\"wp-image-511\" srcset=\"https:\/\/masterf.com.pl\/wp-content\/uploads\/2025\/02\/Rewizor_nexo_1_stanowisko_pudelko-743x1024.png 743w, https:\/\/masterf.com.pl\/wp-content\/uploads\/2025\/02\/Rewizor_nexo_1_stanowisko_pudelko-218x300.png 218w, https:\/\/masterf.com.pl\/wp-content\/uploads\/2025\/02\/Rewizor_nexo_1_stanowisko_pudelko-768x1058.png 768w, https:\/\/masterf.com.pl\/wp-content\/uploads\/2025\/02\/Rewizor_nexo_1_stanowisko_pudelko-1115x1536.png 1115w, https:\/\/masterf.com.pl\/wp-content\/uploads\/2025\/02\/Rewizor_nexo_1_stanowisko_pudelko-1487x2048.png 1487w, https:\/\/masterf.com.pl\/wp-content\/uploads\/2025\/02\/Rewizor_nexo_1_stanowisko_pudelko.png 1642w\" sizes=\"(max-width: 743px) 100vw, 743px\" \/><\/a><\/figure>\n\n\n\n<div class=\"wp-block-group is-vertical is-content-justification-center is-nowrap is-layout-flex wp-container-core-group-is-layout-63bfd6c1 wp-block-group-is-layout-flex\">\n<p class=\"has-text-align-center has-small-font-size\"><strong>Rewizor nexo z KSeF<\/strong><\/p>\n\n\n\n<p class=\"has-text-align-center has-small-font-size\">Nowoczesny system finansowo-ksi\u0119gowy do sprawnego prowadzenia ksi\u0105g rachunkowych.<\/p>\n<\/div>\n<\/div>\n\n\n\n<div class=\"wp-block-column is-layout-flow wp-block-column-is-layout-flow\">\n<figure class=\"wp-block-image size-large is-style-rounded is-style-rounded--7\"><a href=\"https:\/\/masterf.com.pl\/?page_id=795\"><img loading=\"lazy\" decoding=\"async\" width=\"743\" height=\"1024\" src=\"https:\/\/masterf.com.pl\/wp-content\/uploads\/2025\/02\/Rachmistrz_nexo_1_stanowisko_pudelko-743x1024.png\" alt=\"\" class=\"wp-image-513\" srcset=\"https:\/\/masterf.com.pl\/wp-content\/uploads\/2025\/02\/Rachmistrz_nexo_1_stanowisko_pudelko-743x1024.png 743w, https:\/\/masterf.com.pl\/wp-content\/uploads\/2025\/02\/Rachmistrz_nexo_1_stanowisko_pudelko-218x300.png 218w, https:\/\/masterf.com.pl\/wp-content\/uploads\/2025\/02\/Rachmistrz_nexo_1_stanowisko_pudelko-768x1058.png 768w, https:\/\/masterf.com.pl\/wp-content\/uploads\/2025\/02\/Rachmistrz_nexo_1_stanowisko_pudelko-1115x1536.png 1115w, https:\/\/masterf.com.pl\/wp-content\/uploads\/2025\/02\/Rachmistrz_nexo_1_stanowisko_pudelko-1487x2048.png 1487w, https:\/\/masterf.com.pl\/wp-content\/uploads\/2025\/02\/Rachmistrz_nexo_1_stanowisko_pudelko.png 1642w\" sizes=\"(max-width: 743px) 100vw, 743px\" \/><\/a><\/figure>\n\n\n\n<div class=\"wp-block-group is-vertical is-content-justification-center is-nowrap is-layout-flex wp-container-core-group-is-layout-63bfd6c1 wp-block-group-is-layout-flex\">\n<p class=\"has-text-align-center has-small-font-size\"><strong>Rachmistrz nexo z KSeF<\/strong><\/p>\n\n\n\n<p class=\"has-text-align-center has-small-font-size\">System do prowadzenia ksi\u0119gi przychod\u00f3w i rozchod\u00f3w oraz ewidencji podatku zrycza\u0142towanego.<\/p>\n<\/div>\n<\/div>\n\n\n\n<div class=\"wp-block-column is-layout-flow wp-block-column-is-layout-flow\">\n<figure class=\"wp-block-image size-large is-style-rounded is-style-rounded--8\"><a href=\"https:\/\/masterf.com.pl\/?page_id=811\"><img loading=\"lazy\" decoding=\"async\" width=\"743\" height=\"1024\" src=\"https:\/\/masterf.com.pl\/wp-content\/uploads\/2025\/02\/Gratyfikant_nexo_pudelko-743x1024.png\" alt=\"\" class=\"wp-image-515\" srcset=\"https:\/\/masterf.com.pl\/wp-content\/uploads\/2025\/02\/Gratyfikant_nexo_pudelko-743x1024.png 743w, https:\/\/masterf.com.pl\/wp-content\/uploads\/2025\/02\/Gratyfikant_nexo_pudelko-218x300.png 218w, https:\/\/masterf.com.pl\/wp-content\/uploads\/2025\/02\/Gratyfikant_nexo_pudelko-768x1058.png 768w, https:\/\/masterf.com.pl\/wp-content\/uploads\/2025\/02\/Gratyfikant_nexo_pudelko-1115x1536.png 1115w, https:\/\/masterf.com.pl\/wp-content\/uploads\/2025\/02\/Gratyfikant_nexo_pudelko-1487x2048.png 1487w, https:\/\/masterf.com.pl\/wp-content\/uploads\/2025\/02\/Gratyfikant_nexo_pudelko.png 1642w\" sizes=\"(max-width: 743px) 100vw, 743px\" \/><\/a><\/figure>\n\n\n\n<div class=\"wp-block-group is-vertical is-content-justification-center is-nowrap is-layout-flex wp-container-core-group-is-layout-21d4e958 wp-block-group-is-layout-flex\">\n<p class=\"has-text-align-center has-small-font-size\"><strong>Gratyfikant nexo<\/strong><\/p>\n\n\n\n<p class=\"has-text-align-center has-small-font-size\">Gratyfikant nexo<\/p>\n\n\n\n<p class=\"has-text-align-center has-small-font-size\">Intuicyjny, bogaty funkcjonalnie system kadrowo-p\u0142acowy.<\/p>\n<\/div>\n<\/div>\n<\/div>\n<\/div>\n\n\n\n<p><\/p>\n","protected":false},"excerpt":{"rendered":"<p>Programy dla firm z obs\u0142ug\u0105 KSeF InsERT&nbsp;od 30 lat tworzy programy dla ma\u0142ych i \u015brednich firm &#8211; systemy do obs\u0142ugi sprzeda\u017cy, ksi\u0119gowo\u015bci, finans\u00f3w, kadr i p\u0142ac, zarz\u0105dzania relacjami z klientami, aplikacje do prowadzenia e-sklepu czy fakturowania online, a tak\u017ce kompleksowy system ERP. InsERT GT dobra wsp\u00f3\u0142praca r\u00f3wnie\u017c ze starszym sprz\u0119tem klasyka i sprawdzone rozwi\u0105zania ulubieniec [&hellip;]<\/p>\n","protected":false},"author":1,"featured_media":0,"parent":80,"menu_order":0,"comment_status":"closed","ping_status":"closed","template":"","meta":{"footnotes":""},"class_list":["post-484","page","type-page","status-publish","hentry"],"yoast_head":"<!-- This site is optimized with the Yoast SEO plugin v25.0 - https:\/\/yoast.com\/wordpress\/plugins\/seo\/ -->\n<title>InsERT - Master Fiskal<\/title>\n<meta name=\"robots\" content=\"index, follow, max-snippet:-1, max-image-preview:large, max-video-preview:-1\" \/>\n<link rel=\"canonical\" href=\"https:\/\/masterf.com.pl\/?page_id=484\" \/>\n<meta property=\"og:locale\" content=\"pl_PL\" \/>\n<meta property=\"og:type\" content=\"article\" \/>\n<meta property=\"og:title\" content=\"InsERT - Master Fiskal\" \/>\n<meta property=\"og:description\" content=\"Programy dla firm z obs\u0142ug\u0105 KSeF InsERT&nbsp;od 30 lat tworzy programy dla ma\u0142ych i \u015brednich firm &#8211; systemy do obs\u0142ugi sprzeda\u017cy, ksi\u0119gowo\u015bci, finans\u00f3w, kadr i p\u0142ac, zarz\u0105dzania relacjami z klientami, aplikacje do prowadzenia e-sklepu czy fakturowania online, a tak\u017ce kompleksowy system ERP. InsERT GT dobra wsp\u00f3\u0142praca r\u00f3wnie\u017c ze starszym sprz\u0119tem klasyka i sprawdzone rozwi\u0105zania ulubieniec [&hellip;]\" \/>\n<meta property=\"og:url\" content=\"https:\/\/masterf.com.pl\/?page_id=484\" \/>\n<meta property=\"og:site_name\" content=\"Master Fiskal\" \/>\n<meta property=\"article:modified_time\" content=\"2025-12-18T14:44:25+00:00\" \/>\n<meta property=\"og:image\" content=\"http:\/\/masterf.com.pl\/wp-content\/uploads\/2025\/02\/Subiekt_GT_pudelko-742x1024.png\" \/>\n<meta name=\"twitter:card\" content=\"summary_large_image\" \/>\n<meta name=\"twitter:label1\" content=\"Szacowany czas czytania\" \/>\n\t<meta name=\"twitter:data1\" content=\"3 minuty\" \/>\n<script type=\"application\/ld+json\" class=\"yoast-schema-graph\">{\"@context\":\"https:\/\/schema.org\",\"@graph\":[{\"@type\":\"WebPage\",\"@id\":\"https:\/\/masterf.com.pl\/?page_id=484\",\"url\":\"https:\/\/masterf.com.pl\/?page_id=484\",\"name\":\"InsERT - Master Fiskal\",\"isPartOf\":{\"@id\":\"http:\/\/masterf.com.pl\/#website\"},\"primaryImageOfPage\":{\"@id\":\"https:\/\/masterf.com.pl\/?page_id=484#primaryimage\"},\"image\":{\"@id\":\"https:\/\/masterf.com.pl\/?page_id=484#primaryimage\"},\"thumbnailUrl\":\"http:\/\/masterf.com.pl\/wp-content\/uploads\/2025\/02\/Subiekt_GT_pudelko-742x1024.png\",\"datePublished\":\"2025-02-20T13:11:35+00:00\",\"dateModified\":\"2025-12-18T14:44:25+00:00\",\"breadcrumb\":{\"@id\":\"https:\/\/masterf.com.pl\/?page_id=484#breadcrumb\"},\"inLanguage\":\"pl-PL\",\"potentialAction\":[{\"@type\":\"ReadAction\",\"target\":[\"https:\/\/masterf.com.pl\/?page_id=484\"]}]},{\"@type\":\"ImageObject\",\"inLanguage\":\"pl-PL\",\"@id\":\"https:\/\/masterf.com.pl\/?page_id=484#primaryimage\",\"url\":\"https:\/\/masterf.com.pl\/wp-content\/uploads\/2025\/02\/Subiekt_GT_pudelko.png\",\"contentUrl\":\"https:\/\/masterf.com.pl\/wp-content\/uploads\/2025\/02\/Subiekt_GT_pudelko.png\",\"width\":1642,\"height\":2265},{\"@type\":\"BreadcrumbList\",\"@id\":\"https:\/\/masterf.com.pl\/?page_id=484#breadcrumb\",\"itemListElement\":[{\"@type\":\"ListItem\",\"position\":1,\"name\":\"Home\",\"item\":\"http:\/\/masterf.com.pl\/\"},{\"@type\":\"ListItem\",\"position\":2,\"name\":\"Oprogramowanie\",\"item\":\"https:\/\/masterf.com.pl\/?page_id=80\"},{\"@type\":\"ListItem\",\"position\":3,\"name\":\"InsERT\"}]},{\"@type\":\"WebSite\",\"@id\":\"http:\/\/masterf.com.pl\/#website\",\"url\":\"http:\/\/masterf.com.pl\/\",\"name\":\"Master Fiskal\",\"description\":\"kasy fiskalne | oprogramowanie | obs\u0142uga IT\",\"publisher\":{\"@id\":\"http:\/\/masterf.com.pl\/#organization\"},\"potentialAction\":[{\"@type\":\"SearchAction\",\"target\":{\"@type\":\"EntryPoint\",\"urlTemplate\":\"http:\/\/masterf.com.pl\/?s={search_term_string}\"},\"query-input\":{\"@type\":\"PropertyValueSpecification\",\"valueRequired\":true,\"valueName\":\"search_term_string\"}}],\"inLanguage\":\"pl-PL\"},{\"@type\":\"Organization\",\"@id\":\"http:\/\/masterf.com.pl\/#organization\",\"name\":\"Master Fiskal\",\"url\":\"http:\/\/masterf.com.pl\/\",\"logo\":{\"@type\":\"ImageObject\",\"inLanguage\":\"pl-PL\",\"@id\":\"http:\/\/masterf.com.pl\/#\/schema\/logo\/image\/\",\"url\":\"https:\/\/masterf.com.pl\/wp-content\/uploads\/2025\/02\/MasterFiskal-jasneTlo1-przyciete.jpg\",\"contentUrl\":\"https:\/\/masterf.com.pl\/wp-content\/uploads\/2025\/02\/MasterFiskal-jasneTlo1-przyciete.jpg\",\"width\":578,\"height\":101,\"caption\":\"Master Fiskal\"},\"image\":{\"@id\":\"http:\/\/masterf.com.pl\/#\/schema\/logo\/image\/\"}}]}<\/script>\n<!-- \/ Yoast SEO plugin. -->","yoast_head_json":{"title":"InsERT - Master Fiskal","robots":{"index":"index","follow":"follow","max-snippet":"max-snippet:-1","max-image-preview":"max-image-preview:large","max-video-preview":"max-video-preview:-1"},"canonical":"https:\/\/masterf.com.pl\/?page_id=484","og_locale":"pl_PL","og_type":"article","og_title":"InsERT - Master Fiskal","og_description":"Programy dla firm z obs\u0142ug\u0105 KSeF InsERT&nbsp;od 30 lat tworzy programy dla ma\u0142ych i \u015brednich firm &#8211; systemy do obs\u0142ugi sprzeda\u017cy, ksi\u0119gowo\u015bci, finans\u00f3w, kadr i p\u0142ac, zarz\u0105dzania relacjami z klientami, aplikacje do prowadzenia e-sklepu czy fakturowania online, a tak\u017ce kompleksowy system ERP. InsERT GT dobra wsp\u00f3\u0142praca r\u00f3wnie\u017c ze starszym sprz\u0119tem klasyka i sprawdzone rozwi\u0105zania ulubieniec [&hellip;]","og_url":"https:\/\/masterf.com.pl\/?page_id=484","og_site_name":"Master Fiskal","article_modified_time":"2025-12-18T14:44:25+00:00","og_image":[{"url":"http:\/\/masterf.com.pl\/wp-content\/uploads\/2025\/02\/Subiekt_GT_pudelko-742x1024.png","type":"","width":"","height":""}],"twitter_card":"summary_large_image","twitter_misc":{"Szacowany czas czytania":"3 minuty"},"schema":{"@context":"https:\/\/schema.org","@graph":[{"@type":"WebPage","@id":"https:\/\/masterf.com.pl\/?page_id=484","url":"https:\/\/masterf.com.pl\/?page_id=484","name":"InsERT - Master Fiskal","isPartOf":{"@id":"http:\/\/masterf.com.pl\/#website"},"primaryImageOfPage":{"@id":"https:\/\/masterf.com.pl\/?page_id=484#primaryimage"},"image":{"@id":"https:\/\/masterf.com.pl\/?page_id=484#primaryimage"},"thumbnailUrl":"http:\/\/masterf.com.pl\/wp-content\/uploads\/2025\/02\/Subiekt_GT_pudelko-742x1024.png","datePublished":"2025-02-20T13:11:35+00:00","dateModified":"2025-12-18T14:44:25+00:00","breadcrumb":{"@id":"https:\/\/masterf.com.pl\/?page_id=484#breadcrumb"},"inLanguage":"pl-PL","potentialAction":[{"@type":"ReadAction","target":["https:\/\/masterf.com.pl\/?page_id=484"]}]},{"@type":"ImageObject","inLanguage":"pl-PL","@id":"https:\/\/masterf.com.pl\/?page_id=484#primaryimage","url":"https:\/\/masterf.com.pl\/wp-content\/uploads\/2025\/02\/Subiekt_GT_pudelko.png","contentUrl":"https:\/\/masterf.com.pl\/wp-content\/uploads\/2025\/02\/Subiekt_GT_pudelko.png","width":1642,"height":2265},{"@type":"BreadcrumbList","@id":"https:\/\/masterf.com.pl\/?page_id=484#breadcrumb","itemListElement":[{"@type":"ListItem","position":1,"name":"Home","item":"http:\/\/masterf.com.pl\/"},{"@type":"ListItem","position":2,"name":"Oprogramowanie","item":"https:\/\/masterf.com.pl\/?page_id=80"},{"@type":"ListItem","position":3,"name":"InsERT"}]},{"@type":"WebSite","@id":"http:\/\/masterf.com.pl\/#website","url":"http:\/\/masterf.com.pl\/","name":"Master Fiskal","description":"kasy fiskalne | oprogramowanie | obs\u0142uga IT","publisher":{"@id":"http:\/\/masterf.com.pl\/#organization"},"potentialAction":[{"@type":"SearchAction","target":{"@type":"EntryPoint","urlTemplate":"http:\/\/masterf.com.pl\/?s={search_term_string}"},"query-input":{"@type":"PropertyValueSpecification","valueRequired":true,"valueName":"search_term_string"}}],"inLanguage":"pl-PL"},{"@type":"Organization","@id":"http:\/\/masterf.com.pl\/#organization","name":"Master Fiskal","url":"http:\/\/masterf.com.pl\/","logo":{"@type":"ImageObject","inLanguage":"pl-PL","@id":"http:\/\/masterf.com.pl\/#\/schema\/logo\/image\/","url":"https:\/\/masterf.com.pl\/wp-content\/uploads\/2025\/02\/MasterFiskal-jasneTlo1-przyciete.jpg","contentUrl":"https:\/\/masterf.com.pl\/wp-content\/uploads\/2025\/02\/MasterFiskal-jasneTlo1-przyciete.jpg","width":578,"height":101,"caption":"Master Fiskal"},"image":{"@id":"http:\/\/masterf.com.pl\/#\/schema\/logo\/image\/"}}]}},"_links":{"self":[{"href":"https:\/\/masterf.com.pl\/index.php?rest_route=\/wp\/v2\/pages\/484","targetHints":{"allow":["GET"]}}],"collection":[{"href":"https:\/\/masterf.com.pl\/index.php?rest_route=\/wp\/v2\/pages"}],"about":[{"href":"https:\/\/masterf.com.pl\/index.php?rest_route=\/wp\/v2\/types\/page"}],"author":[{"embeddable":true,"href":"https:\/\/masterf.com.pl\/index.php?rest_route=\/wp\/v2\/users\/1"}],"replies":[{"embeddable":true,"href":"https:\/\/masterf.com.pl\/index.php?rest_route=%2Fwp%2Fv2%2Fcomments&post=484"}],"version-history":[{"count":35,"href":"https:\/\/masterf.com.pl\/index.php?rest_route=\/wp\/v2\/pages\/484\/revisions"}],"predecessor-version":[{"id":895,"href":"https:\/\/masterf.com.pl\/index.php?rest_route=\/wp\/v2\/pages\/484\/revisions\/895"}],"up":[{"embeddable":true,"href":"https:\/\/masterf.com.pl\/index.php?rest_route=\/wp\/v2\/pages\/80"}],"wp:attachment":[{"href":"https:\/\/masterf.com.pl\/index.php?rest_route=%2Fwp%2Fv2%2Fmedia&parent=484"}],"curies":[{"name":"wp","href":"https:\/\/api.w.org\/{rel}","templated":true}]}}