{"id":378,"date":"2025-02-20T10:50:51","date_gmt":"2025-02-20T09:50:51","guid":{"rendered":"https:\/\/masterf.com.pl\/?page_id=378"},"modified":"2025-02-20T13:12:40","modified_gmt":"2025-02-20T12:12:40","slug":"drukarki-posnet","status":"publish","type":"page","link":"https:\/\/masterf.com.pl\/?page_id=378","title":{"rendered":"Drukarki POSNET"},"content":{"rendered":"\n<div class=\"wp-block-buttons alignfull is-content-justification-center is-layout-flex wp-container-core-buttons-is-layout-a89b3969 wp-block-buttons-is-layout-flex\">\n<div class=\"wp-block-button has-custom-width wp-block-button__width-25 is-style-fill\"><a class=\"wp-block-button__link wp-element-button\" href=\"https:\/\/masterf.com.pl\/?page_id=312\">Kasy fiskalne<\/a><\/div>\n\n\n\n<div class=\"wp-block-button has-custom-width wp-block-button__width-25\"><a class=\"wp-block-button__link has-text-align-center wp-element-button\" href=\"https:\/\/masterf.com.pl\/?page_id=378\">Drukarki fiskalne<\/a><\/div>\n\n\n\n<div class=\"wp-block-button has-custom-width wp-block-button__width-25\"><a class=\"wp-block-button__link wp-element-button\" href=\"https:\/\/masterf.com.pl\/?page_id=420\">Urz\u0105dzenia AiO<\/a><\/div>\n<\/div>\n\n\n\n<div class=\"wp-block-group alignfull has-global-padding is-layout-constrained wp-container-core-group-is-layout-3aaaaffa wp-block-group-is-layout-constrained\" style=\"margin-top:0;margin-bottom:0;padding-top:var(--wp--preset--spacing--50);padding-right:var(--wp--preset--spacing--50);padding-bottom:var(--wp--preset--spacing--50);padding-left:var(--wp--preset--spacing--50)\">\n<div class=\"wp-block-columns alignwide are-vertically-aligned-center is-layout-flex wp-container-core-columns-is-layout-47c06fe3 wp-block-columns-is-layout-flex\">\n<div class=\"wp-block-column is-vertically-aligned-center is-layout-flow wp-block-column-is-layout-flow\" style=\"flex-basis:50%\">\n<h2 class=\"wp-block-heading\">THERMAL XL2 online<\/h2>\n\n\n\n<div class=\"wp-block-columns is-layout-flex wp-container-core-columns-is-layout-28f84493 wp-block-columns-is-layout-flex\">\n<div class=\"wp-block-column is-layout-flow wp-block-column-is-layout-flow\" style=\"flex-basis:100%\">\n<h5 class=\"wp-block-heading\">Najbardziej popularna linia drukarek fiskalnych na polskim rynku Thermal XL dost\u0119pna w&nbsp;wersji ONLINE. To urz\u0105dzenie o&nbsp;wszechstronnym zastosowaniu, kt\u00f3re sprawdzi si\u0119 w&nbsp;ka\u017cdym rodzaju dzia\u0142alno\u015bci. Drukarka dost\u0119pna jest z&nbsp;dwoma rodzajami mechanizmu drukuj\u0105cego: 80mm i&nbsp;57 mm.<\/h5>\n<\/div>\n<\/div>\n\n\n\n<div class=\"wp-block-buttons is-content-justification-left is-layout-flex wp-container-core-buttons-is-layout-fc4fd283 wp-block-buttons-is-layout-flex\">\n<div class=\"wp-block-button\"><a class=\"wp-block-button__link wp-element-button\">Mechanizm drukuj\u0105cy 2&#8243; (wy\u015bw.: standardowy): 2899,00 PLN<\/a><\/div>\n\n\n\n<div class=\"wp-block-button\"><a class=\"wp-block-button__link has-text-align-center wp-element-button\">Mechanizm drukuj\u0105cy 2&#8243; (wy\u015bw.: OLED\/wolnostoj\u0105cy): 2999,00 PLN<\/a><\/div>\n\n\n\n<div class=\"wp-block-button\"><a class=\"wp-block-button__link wp-element-button\">Mechanizm drukuj\u0105cy 2&#8243; (wy\u015bw.: OLED\/wolnostoj\u0105cy)+WiFi: 3049,00 PLN<\/a><\/div>\n\n\n\n<div class=\"wp-block-button\"><a class=\"wp-block-button__link wp-element-button\">Mechanizm drukuj\u0105cy 3&#8243; (wy\u015bw.: standardowy): 2999,00 PLN<\/a><\/div>\n\n\n\n<div class=\"wp-block-button\"><a class=\"wp-block-button__link wp-element-button\">Mechanizm drukuj\u0105cy 3&#8243; (wy\u015bw.: OLED\/wolnostoj\u0105cy): 3099,00 PLN<\/a><\/div>\n\n\n\n<div class=\"wp-block-button\"><a class=\"wp-block-button__link wp-element-button\">Mechanizm drukuj\u0105cy 3&#8243; (wy\u015bw.: OLED\/wolnostoj\u0105cy)+WiFi: 3149,00 PLN<\/a><\/div>\n<\/div>\n\n\n\n<h6 class=\"wp-block-heading\">Podane ceny s\u0105 cenami detalicznymi netto oferowanymi aktualnie  odbiorcom ko\u0144cowym (u\u017cytkownikom) urz\u0105dzenia.<\/h6>\n<\/div>\n\n\n\n<div class=\"wp-block-column is-vertically-aligned-center is-layout-flow wp-block-column-is-layout-flow\" style=\"flex-basis:50%\">\n<figure class=\"wp-block-image aligncenter size-full is-resized is-style-rounded is-style-rounded--1\"><img fetchpriority=\"high\" decoding=\"async\" width=\"600\" height=\"600\" src=\"http:\/\/masterf.com.pl\/wp-content\/uploads\/2025\/02\/thermal-xl2-online-201-5.png\" alt=\"\" class=\"wp-image-384\" style=\"width:521px;height:auto\" srcset=\"https:\/\/masterf.com.pl\/wp-content\/uploads\/2025\/02\/thermal-xl2-online-201-5.png 600w, https:\/\/masterf.com.pl\/wp-content\/uploads\/2025\/02\/thermal-xl2-online-201-5-300x300.png 300w, https:\/\/masterf.com.pl\/wp-content\/uploads\/2025\/02\/thermal-xl2-online-201-5-150x150.png 150w\" sizes=\"(max-width: 600px) 100vw, 600px\" \/><\/figure>\n<\/div>\n<\/div>\n<\/div>\n\n\n\n<div class=\"wp-block-group alignfull has-global-padding is-layout-constrained wp-block-group-is-layout-constrained\">\n<div class=\"wp-block-columns alignwide is-layout-flex wp-container-core-columns-is-layout-1da03c2a wp-block-columns-is-layout-flex\">\n<div class=\"wp-block-column is-vertically-aligned-center is-layout-flow wp-block-column-is-layout-flow\" style=\"flex-basis:60%\">\n<figure class=\"wp-block-image aligncenter size-full is-resized is-style-rounded is-style-rounded--2\"><img decoding=\"async\" width=\"600\" height=\"600\" src=\"https:\/\/masterf.com.pl\/wp-content\/uploads\/2025\/02\/temoonline-no-v.png\" alt=\"\" class=\"wp-image-388\" style=\"width:551px;height:auto\" srcset=\"https:\/\/masterf.com.pl\/wp-content\/uploads\/2025\/02\/temoonline-no-v.png 600w, https:\/\/masterf.com.pl\/wp-content\/uploads\/2025\/02\/temoonline-no-v-300x300.png 300w, https:\/\/masterf.com.pl\/wp-content\/uploads\/2025\/02\/temoonline-no-v-150x150.png 150w\" sizes=\"(max-width: 600px) 100vw, 600px\" \/><\/figure>\n<\/div>\n\n\n\n<div class=\"wp-block-column is-layout-flow wp-block-column-is-layout-flow\" style=\"flex-basis:40%\">\n<h2 class=\"wp-block-heading\">TEMO online<\/h2>\n\n\n\n<h5 class=\"wp-block-heading\">To najmniejsze na rynku urz\u0105dzenie fiskalne w&nbsp;wersji ONLINE. Bez problemu zmie\u015bcisz je w&nbsp;kieszeni lub w&nbsp;torbie z&nbsp;laptopem. Mo\u017cesz go u\u017cywa\u0107 w&nbsp;terenie,&nbsp; poza sklepem lub biurem, poniewa\u017c bez zewn\u0119trznego zasilania wydrukuje 80 000 wierszy paragonu. W&nbsp;razie potrzeby w&nbsp;ka\u017cdej chwili mo\u017cesz&nbsp; pod\u0142\u0105czy\u0107 drukark\u0119 do \u0142adowarki samochodowej lub do komputera u\u017cywaj\u0105c gniazda USB. Nowo\u015bci\u0105 jest mo\u017cliwo\u015b\u0107 wyposa\u017cenia drukarki w&nbsp;interfejs WiFi.<\/h5>\n\n\n\n<div class=\"wp-block-buttons is-layout-flex wp-block-buttons-is-layout-flex\">\n<div class=\"wp-block-button\"><a class=\"wp-block-button__link wp-element-button\">Wersja standard: 2349,00 PLN<\/a><\/div>\n\n\n\n<div class=\"wp-block-button\"><a class=\"wp-block-button__link wp-element-button\">Modu\u0142 rozszerzenia WiFi\/Bluetooth: 220,00 PLN<\/a><\/div>\n<\/div>\n\n\n\n<h6 class=\"wp-block-heading\">Podane ceny s\u0105 cenami detalicznymi netto oferowanymi aktualnie  odbiorcom ko\u0144cowym (u\u017cytkownikom) urz\u0105dzenia.<\/h6>\n<\/div>\n<\/div>\n<\/div>\n\n\n\n<div class=\"wp-block-group alignfull has-global-padding is-layout-constrained wp-container-core-group-is-layout-3aaaaffa wp-block-group-is-layout-constrained\" style=\"margin-top:0;margin-bottom:0;padding-top:var(--wp--preset--spacing--50);padding-right:var(--wp--preset--spacing--50);padding-bottom:var(--wp--preset--spacing--50);padding-left:var(--wp--preset--spacing--50)\">\n<div class=\"wp-block-columns alignwide are-vertically-aligned-center is-layout-flex wp-container-core-columns-is-layout-47c06fe3 wp-block-columns-is-layout-flex\">\n<div class=\"wp-block-column is-vertically-aligned-center is-layout-flow wp-block-column-is-layout-flow\" style=\"flex-basis:50%\">\n<h2 class=\"wp-block-heading\">THERMAL HX online<\/h2>\n\n\n\n<div class=\"wp-block-columns is-layout-flex wp-container-core-columns-is-layout-28f84493 wp-block-columns-is-layout-flex\">\n<div class=\"wp-block-column is-layout-flow wp-block-column-is-layout-flow\" style=\"flex-basis:100%\">\n<h5 class=\"wp-block-heading\">Thermal HX to nowa drukarka nale\u017c\u0105ca do linii najbardziej niezawodnych urz\u0105dze\u0144 fiskalnych na rynku. Wyposa\u017cona w&nbsp;szybki i&nbsp;wytrzyma\u0142y mechanizm drukuj\u0105cy SEIKO umo\u017cliwia sprawn\u0105 obs\u0142ug\u0119 nawet przy du\u017cym nat\u0119\u017ceniu ruchu klient\u00f3w. Thermal HX daje r\u00f3wnie\u017c mo\u017cliwo\u015b\u0107 wysy\u0142ania paragon\u00f3w w&nbsp;wersji elektronicznej, czyli tzw. e-paragon\u00f3w.<\/h5>\n<\/div>\n<\/div>\n\n\n\n<div class=\"wp-block-buttons is-content-justification-left is-layout-flex wp-container-core-buttons-is-layout-fc4fd283 wp-block-buttons-is-layout-flex\">\n<div class=\"wp-block-button\"><a class=\"wp-block-button__link wp-element-button\">Z wy\u015bwietlaczem standardowym: 3099,00 PLN<\/a><\/div>\n\n\n\n<div class=\"wp-block-button\"><a class=\"wp-block-button__link has-text-align-center wp-element-button\">z wy\u015bwietlaczem OLED: 3199,00 PLN<\/a><\/div>\n<\/div>\n\n\n\n<h6 class=\"wp-block-heading\">Podane ceny s\u0105 cenami detalicznymi netto oferowanymi aktualnie  odbiorcom ko\u0144cowym (u\u017cytkownikom) urz\u0105dzenia.<\/h6>\n<\/div>\n\n\n\n<div class=\"wp-block-column is-vertically-aligned-center is-layout-flow wp-block-column-is-layout-flow\" style=\"flex-basis:50%\">\n<figure class=\"wp-block-image aligncenter size-full is-resized is-style-rounded is-style-rounded--3\"><img decoding=\"async\" width=\"600\" height=\"600\" src=\"https:\/\/masterf.com.pl\/wp-content\/uploads\/2025\/02\/posnet-thermal-hx-online-v4.png\" alt=\"\" class=\"wp-image-393\" style=\"width:521px;height:auto\" srcset=\"https:\/\/masterf.com.pl\/wp-content\/uploads\/2025\/02\/posnet-thermal-hx-online-v4.png 600w, https:\/\/masterf.com.pl\/wp-content\/uploads\/2025\/02\/posnet-thermal-hx-online-v4-300x300.png 300w, https:\/\/masterf.com.pl\/wp-content\/uploads\/2025\/02\/posnet-thermal-hx-online-v4-150x150.png 150w\" sizes=\"(max-width: 600px) 100vw, 600px\" \/><\/figure>\n<\/div>\n<\/div>\n<\/div>\n\n\n\n<div class=\"wp-block-group alignfull has-global-padding is-layout-constrained wp-block-group-is-layout-constrained\">\n<div class=\"wp-block-columns alignwide is-layout-flex wp-container-core-columns-is-layout-1da03c2a wp-block-columns-is-layout-flex\">\n<div class=\"wp-block-column is-vertically-aligned-center is-layout-flow wp-block-column-is-layout-flow\" style=\"flex-basis:60%\">\n<figure class=\"wp-block-image aligncenter size-full is-resized is-style-rounded is-style-rounded--4\"><img loading=\"lazy\" decoding=\"async\" width=\"600\" height=\"600\" src=\"http:\/\/masterf.com.pl\/wp-content\/uploads\/2025\/02\/fawag-box-prime-rev2.png\" alt=\"\" class=\"wp-image-396\" style=\"width:551px;height:auto\" srcset=\"https:\/\/masterf.com.pl\/wp-content\/uploads\/2025\/02\/fawag-box-prime-rev2.png 600w, https:\/\/masterf.com.pl\/wp-content\/uploads\/2025\/02\/fawag-box-prime-rev2-300x300.png 300w, https:\/\/masterf.com.pl\/wp-content\/uploads\/2025\/02\/fawag-box-prime-rev2-150x150.png 150w\" sizes=\"(max-width: 600px) 100vw, 600px\" \/><\/figure>\n<\/div>\n\n\n\n<div class=\"wp-block-column is-layout-flow wp-block-column-is-layout-flow\" style=\"flex-basis:40%\">\n<h2 class=\"wp-block-heading\">FAWAG box<\/h2>\n\n\n\n<h5 class=\"wp-block-heading\">Fawag box to pierwsza drukarka fiskalna sygnowana mark\u0105 Fawag. To urz\u0105dzenie o&nbsp;niedu\u017cych gabarytach i&nbsp;minimalistycznym, eleganckim designie.<\/h5>\n\n\n\n<h5 class=\"wp-block-heading\">Fawag box jest intuicyjne w&nbsp;obs\u0142udze, komfortowe w&nbsp;u\u017cytkowaniu i&nbsp;oferuje wszystkie niezb\u0119dne funkcje. Drukarka jest znakomitym wsparciem fiskalnym dla niedu\u017cych punkt\u00f3w handlowo-us\u0142ugowych<\/h5>\n\n\n\n<div class=\"wp-block-buttons is-layout-flex wp-block-buttons-is-layout-flex\">\n<div class=\"wp-block-button\"><a class=\"wp-block-button__link wp-element-button\">Wersja standard: 2099,00 PLN<\/a><\/div>\n<\/div>\n\n\n\n<h6 class=\"wp-block-heading\">Podane ceny s\u0105 cenami detalicznymi netto oferowanymi aktualnie  odbiorcom ko\u0144cowym (u\u017cytkownikom) urz\u0105dzenia.<\/h6>\n<\/div>\n<\/div>\n<\/div>\n\n\n\n<div class=\"wp-block-group alignfull has-global-padding is-layout-constrained wp-container-core-group-is-layout-3aaaaffa wp-block-group-is-layout-constrained\" style=\"margin-top:0;margin-bottom:0;padding-top:var(--wp--preset--spacing--50);padding-right:var(--wp--preset--spacing--50);padding-bottom:var(--wp--preset--spacing--50);padding-left:var(--wp--preset--spacing--50)\">\n<div class=\"wp-block-columns alignwide are-vertically-aligned-center is-layout-flex wp-container-core-columns-is-layout-47c06fe3 wp-block-columns-is-layout-flex\">\n<div class=\"wp-block-column is-vertically-aligned-center is-layout-flow wp-block-column-is-layout-flow\" style=\"flex-basis:50%\">\n<h2 class=\"wp-block-heading\">TRIO online<\/h2>\n\n\n\n<div class=\"wp-block-columns is-layout-flex wp-container-core-columns-is-layout-28f84493 wp-block-columns-is-layout-flex\">\n<div class=\"wp-block-column is-layout-flow wp-block-column-is-layout-flow\" style=\"flex-basis:100%\">\n<h5 class=\"wp-block-heading\">Drukarka Posnet Trio ONLINE potrafi si\u0119 \u015bwietnie wkomponowa\u0107 w&nbsp;nowoczesne trendy przemys\u0142owego desing&#8217;u. Zosta\u0142a wyr\u00f3\u017cniona przez Ministra Rozwoju i&nbsp;Finans\u00f3w oraz nagrodzona przez Instytut Wzornictwa Przemys\u0142owego w&nbsp;konkursie Dobry Wz\u00f3r 2017. Trio ONLINE wyr\u00f3\u017cnia si\u0119 spo\u015br\u00f3d innych. Je\u015bli zainstalujesz na niej dodatkowo tablet czy smartfon, na pewno wzbudzisz zainteresowanie klient\u00f3w tak oryginalnym i&nbsp;nietuzinkowym rozwi\u0105zaniem. Wyobra\u017a&nbsp;<br>sobie tak\u0105 w\u0142a\u015bnie drukark\u0119 w&nbsp;Twoim butiku lub na wyspie marketowej, albo te\u017c w&nbsp;sklepie: spo\u017cywczym, mi\u0119snym, monopolowym czy jubilerskim. Urz\u0105dzenie to polecamy tak\u017ce do cukierni, piekarni, a&nbsp;tak\u017ce fast-food\u00f3w.<\/h5>\n<\/div>\n<\/div>\n\n\n\n<div class=\"wp-block-buttons is-content-justification-left is-layout-flex wp-container-core-buttons-is-layout-fc4fd283 wp-block-buttons-is-layout-flex\">\n<div class=\"wp-block-button\"><a class=\"wp-block-button__link wp-element-button\">Wersja standard: 2499,00 PLN<\/a><\/div>\n\n\n\n<div class=\"wp-block-button\"><a class=\"wp-block-button__link has-text-align-center wp-element-button\">Wersja z modu\u0142em WiFi\/Bluetooth: 2699,00 PLN<\/a><\/div>\n<\/div>\n\n\n\n<h6 class=\"wp-block-heading\">Podane ceny s\u0105 cenami detalicznymi netto oferowanymi aktualnie  odbiorcom ko\u0144cowym (u\u017cytkownikom) urz\u0105dzenia.<\/h6>\n<\/div>\n\n\n\n<div class=\"wp-block-column is-vertically-aligned-center is-layout-flow wp-block-column-is-layout-flow\" style=\"flex-basis:50%\">\n<figure class=\"wp-block-image aligncenter size-full is-resized is-style-rounded is-style-rounded--5\"><img loading=\"lazy\" decoding=\"async\" width=\"600\" height=\"600\" src=\"https:\/\/masterf.com.pl\/wp-content\/uploads\/2025\/02\/trio-online-juz.png\" alt=\"\" class=\"wp-image-407\" style=\"width:521px;height:auto\" srcset=\"https:\/\/masterf.com.pl\/wp-content\/uploads\/2025\/02\/trio-online-juz.png 600w, https:\/\/masterf.com.pl\/wp-content\/uploads\/2025\/02\/trio-online-juz-300x300.png 300w, https:\/\/masterf.com.pl\/wp-content\/uploads\/2025\/02\/trio-online-juz-150x150.png 150w\" sizes=\"(max-width: 600px) 100vw, 600px\" \/><\/figure>\n<\/div>\n<\/div>\n<\/div>\n\n\n\n<p><\/p>\n","protected":false},"excerpt":{"rendered":"<p>THERMAL XL2 online Najbardziej popularna linia drukarek fiskalnych na polskim rynku Thermal XL dost\u0119pna w&nbsp;wersji ONLINE. To urz\u0105dzenie o&nbsp;wszechstronnym zastosowaniu, kt\u00f3re sprawdzi si\u0119 w&nbsp;ka\u017cdym rodzaju dzia\u0142alno\u015bci. Drukarka dost\u0119pna jest z&nbsp;dwoma rodzajami mechanizmu drukuj\u0105cego: 80mm i&nbsp;57 mm. Podane ceny s\u0105 cenami detalicznymi netto oferowanymi aktualnie odbiorcom ko\u0144cowym (u\u017cytkownikom) urz\u0105dzenia. TEMO online To najmniejsze na rynku urz\u0105dzenie [&hellip;]<\/p>\n","protected":false},"author":1,"featured_media":0,"parent":17,"menu_order":0,"comment_status":"closed","ping_status":"closed","template":"","meta":{"footnotes":""},"class_list":["post-378","page","type-page","status-publish","hentry"],"yoast_head":"<!-- This site is optimized with the Yoast SEO plugin v25.0 - https:\/\/yoast.com\/wordpress\/plugins\/seo\/ -->\n<title>Drukarki POSNET - Master Fiskal<\/title>\n<meta name=\"robots\" content=\"index, follow, max-snippet:-1, max-image-preview:large, max-video-preview:-1\" \/>\n<link rel=\"canonical\" href=\"https:\/\/masterf.com.pl\/?page_id=378\" \/>\n<meta property=\"og:locale\" content=\"pl_PL\" \/>\n<meta property=\"og:type\" content=\"article\" \/>\n<meta property=\"og:title\" content=\"Drukarki POSNET - Master Fiskal\" \/>\n<meta property=\"og:description\" content=\"THERMAL XL2 online Najbardziej popularna linia drukarek fiskalnych na polskim rynku Thermal XL dost\u0119pna w&nbsp;wersji ONLINE. To urz\u0105dzenie o&nbsp;wszechstronnym zastosowaniu, kt\u00f3re sprawdzi si\u0119 w&nbsp;ka\u017cdym rodzaju dzia\u0142alno\u015bci. Drukarka dost\u0119pna jest z&nbsp;dwoma rodzajami mechanizmu drukuj\u0105cego: 80mm i&nbsp;57 mm. Podane ceny s\u0105 cenami detalicznymi netto oferowanymi aktualnie odbiorcom ko\u0144cowym (u\u017cytkownikom) urz\u0105dzenia. TEMO online To najmniejsze na rynku urz\u0105dzenie [&hellip;]\" \/>\n<meta property=\"og:url\" content=\"https:\/\/masterf.com.pl\/?page_id=378\" \/>\n<meta property=\"og:site_name\" content=\"Master Fiskal\" \/>\n<meta property=\"article:modified_time\" content=\"2025-02-20T12:12:40+00:00\" \/>\n<meta property=\"og:image\" content=\"http:\/\/masterf.com.pl\/wp-content\/uploads\/2025\/02\/thermal-xl2-online-201-5.png\" \/>\n<meta name=\"twitter:card\" content=\"summary_large_image\" \/>\n<meta name=\"twitter:label1\" content=\"Szacowany czas czytania\" \/>\n\t<meta name=\"twitter:data1\" content=\"4 minuty\" \/>\n<script type=\"application\/ld+json\" class=\"yoast-schema-graph\">{\"@context\":\"https:\/\/schema.org\",\"@graph\":[{\"@type\":\"WebPage\",\"@id\":\"https:\/\/masterf.com.pl\/?page_id=378\",\"url\":\"https:\/\/masterf.com.pl\/?page_id=378\",\"name\":\"Drukarki POSNET - Master Fiskal\",\"isPartOf\":{\"@id\":\"http:\/\/masterf.com.pl\/#website\"},\"primaryImageOfPage\":{\"@id\":\"https:\/\/masterf.com.pl\/?page_id=378#primaryimage\"},\"image\":{\"@id\":\"https:\/\/masterf.com.pl\/?page_id=378#primaryimage\"},\"thumbnailUrl\":\"http:\/\/masterf.com.pl\/wp-content\/uploads\/2025\/02\/thermal-xl2-online-201-5.png\",\"datePublished\":\"2025-02-20T09:50:51+00:00\",\"dateModified\":\"2025-02-20T12:12:40+00:00\",\"breadcrumb\":{\"@id\":\"https:\/\/masterf.com.pl\/?page_id=378#breadcrumb\"},\"inLanguage\":\"pl-PL\",\"potentialAction\":[{\"@type\":\"ReadAction\",\"target\":[\"https:\/\/masterf.com.pl\/?page_id=378\"]}]},{\"@type\":\"ImageObject\",\"inLanguage\":\"pl-PL\",\"@id\":\"https:\/\/masterf.com.pl\/?page_id=378#primaryimage\",\"url\":\"https:\/\/masterf.com.pl\/wp-content\/uploads\/2025\/02\/thermal-xl2-online-201-5.png\",\"contentUrl\":\"https:\/\/masterf.com.pl\/wp-content\/uploads\/2025\/02\/thermal-xl2-online-201-5.png\",\"width\":600,\"height\":600},{\"@type\":\"BreadcrumbList\",\"@id\":\"https:\/\/masterf.com.pl\/?page_id=378#breadcrumb\",\"itemListElement\":[{\"@type\":\"ListItem\",\"position\":1,\"name\":\"Home\",\"item\":\"http:\/\/masterf.com.pl\/\"},{\"@type\":\"ListItem\",\"position\":2,\"name\":\"Kasy fiskalne\",\"item\":\"https:\/\/masterf.com.pl\/?page_id=17\"},{\"@type\":\"ListItem\",\"position\":3,\"name\":\"Drukarki POSNET\"}]},{\"@type\":\"WebSite\",\"@id\":\"http:\/\/masterf.com.pl\/#website\",\"url\":\"http:\/\/masterf.com.pl\/\",\"name\":\"Master Fiskal\",\"description\":\"kasy fiskalne | oprogramowanie | obs\u0142uga IT\",\"publisher\":{\"@id\":\"http:\/\/masterf.com.pl\/#organization\"},\"potentialAction\":[{\"@type\":\"SearchAction\",\"target\":{\"@type\":\"EntryPoint\",\"urlTemplate\":\"http:\/\/masterf.com.pl\/?s={search_term_string}\"},\"query-input\":{\"@type\":\"PropertyValueSpecification\",\"valueRequired\":true,\"valueName\":\"search_term_string\"}}],\"inLanguage\":\"pl-PL\"},{\"@type\":\"Organization\",\"@id\":\"http:\/\/masterf.com.pl\/#organization\",\"name\":\"Master Fiskal\",\"url\":\"http:\/\/masterf.com.pl\/\",\"logo\":{\"@type\":\"ImageObject\",\"inLanguage\":\"pl-PL\",\"@id\":\"http:\/\/masterf.com.pl\/#\/schema\/logo\/image\/\",\"url\":\"https:\/\/masterf.com.pl\/wp-content\/uploads\/2025\/02\/MasterFiskal-jasneTlo1-przyciete.jpg\",\"contentUrl\":\"https:\/\/masterf.com.pl\/wp-content\/uploads\/2025\/02\/MasterFiskal-jasneTlo1-przyciete.jpg\",\"width\":578,\"height\":101,\"caption\":\"Master Fiskal\"},\"image\":{\"@id\":\"http:\/\/masterf.com.pl\/#\/schema\/logo\/image\/\"}}]}<\/script>\n<!-- \/ Yoast SEO plugin. -->","yoast_head_json":{"title":"Drukarki POSNET - Master Fiskal","robots":{"index":"index","follow":"follow","max-snippet":"max-snippet:-1","max-image-preview":"max-image-preview:large","max-video-preview":"max-video-preview:-1"},"canonical":"https:\/\/masterf.com.pl\/?page_id=378","og_locale":"pl_PL","og_type":"article","og_title":"Drukarki POSNET - Master Fiskal","og_description":"THERMAL XL2 online Najbardziej popularna linia drukarek fiskalnych na polskim rynku Thermal XL dost\u0119pna w&nbsp;wersji ONLINE. To urz\u0105dzenie o&nbsp;wszechstronnym zastosowaniu, kt\u00f3re sprawdzi si\u0119 w&nbsp;ka\u017cdym rodzaju dzia\u0142alno\u015bci. Drukarka dost\u0119pna jest z&nbsp;dwoma rodzajami mechanizmu drukuj\u0105cego: 80mm i&nbsp;57 mm. Podane ceny s\u0105 cenami detalicznymi netto oferowanymi aktualnie odbiorcom ko\u0144cowym (u\u017cytkownikom) urz\u0105dzenia. TEMO online To najmniejsze na rynku urz\u0105dzenie [&hellip;]","og_url":"https:\/\/masterf.com.pl\/?page_id=378","og_site_name":"Master Fiskal","article_modified_time":"2025-02-20T12:12:40+00:00","og_image":[{"url":"http:\/\/masterf.com.pl\/wp-content\/uploads\/2025\/02\/thermal-xl2-online-201-5.png","type":"","width":"","height":""}],"twitter_card":"summary_large_image","twitter_misc":{"Szacowany czas czytania":"4 minuty"},"schema":{"@context":"https:\/\/schema.org","@graph":[{"@type":"WebPage","@id":"https:\/\/masterf.com.pl\/?page_id=378","url":"https:\/\/masterf.com.pl\/?page_id=378","name":"Drukarki POSNET - Master Fiskal","isPartOf":{"@id":"http:\/\/masterf.com.pl\/#website"},"primaryImageOfPage":{"@id":"https:\/\/masterf.com.pl\/?page_id=378#primaryimage"},"image":{"@id":"https:\/\/masterf.com.pl\/?page_id=378#primaryimage"},"thumbnailUrl":"http:\/\/masterf.com.pl\/wp-content\/uploads\/2025\/02\/thermal-xl2-online-201-5.png","datePublished":"2025-02-20T09:50:51+00:00","dateModified":"2025-02-20T12:12:40+00:00","breadcrumb":{"@id":"https:\/\/masterf.com.pl\/?page_id=378#breadcrumb"},"inLanguage":"pl-PL","potentialAction":[{"@type":"ReadAction","target":["https:\/\/masterf.com.pl\/?page_id=378"]}]},{"@type":"ImageObject","inLanguage":"pl-PL","@id":"https:\/\/masterf.com.pl\/?page_id=378#primaryimage","url":"https:\/\/masterf.com.pl\/wp-content\/uploads\/2025\/02\/thermal-xl2-online-201-5.png","contentUrl":"https:\/\/masterf.com.pl\/wp-content\/uploads\/2025\/02\/thermal-xl2-online-201-5.png","width":600,"height":600},{"@type":"BreadcrumbList","@id":"https:\/\/masterf.com.pl\/?page_id=378#breadcrumb","itemListElement":[{"@type":"ListItem","position":1,"name":"Home","item":"http:\/\/masterf.com.pl\/"},{"@type":"ListItem","position":2,"name":"Kasy fiskalne","item":"https:\/\/masterf.com.pl\/?page_id=17"},{"@type":"ListItem","position":3,"name":"Drukarki POSNET"}]},{"@type":"WebSite","@id":"http:\/\/masterf.com.pl\/#website","url":"http:\/\/masterf.com.pl\/","name":"Master Fiskal","description":"kasy fiskalne | oprogramowanie | obs\u0142uga IT","publisher":{"@id":"http:\/\/masterf.com.pl\/#organization"},"potentialAction":[{"@type":"SearchAction","target":{"@type":"EntryPoint","urlTemplate":"http:\/\/masterf.com.pl\/?s={search_term_string}"},"query-input":{"@type":"PropertyValueSpecification","valueRequired":true,"valueName":"search_term_string"}}],"inLanguage":"pl-PL"},{"@type":"Organization","@id":"http:\/\/masterf.com.pl\/#organization","name":"Master Fiskal","url":"http:\/\/masterf.com.pl\/","logo":{"@type":"ImageObject","inLanguage":"pl-PL","@id":"http:\/\/masterf.com.pl\/#\/schema\/logo\/image\/","url":"https:\/\/masterf.com.pl\/wp-content\/uploads\/2025\/02\/MasterFiskal-jasneTlo1-przyciete.jpg","contentUrl":"https:\/\/masterf.com.pl\/wp-content\/uploads\/2025\/02\/MasterFiskal-jasneTlo1-przyciete.jpg","width":578,"height":101,"caption":"Master Fiskal"},"image":{"@id":"http:\/\/masterf.com.pl\/#\/schema\/logo\/image\/"}}]}},"_links":{"self":[{"href":"https:\/\/masterf.com.pl\/index.php?rest_route=\/wp\/v2\/pages\/378","targetHints":{"allow":["GET"]}}],"collection":[{"href":"https:\/\/masterf.com.pl\/index.php?rest_route=\/wp\/v2\/pages"}],"about":[{"href":"https:\/\/masterf.com.pl\/index.php?rest_route=\/wp\/v2\/types\/page"}],"author":[{"embeddable":true,"href":"https:\/\/masterf.com.pl\/index.php?rest_route=\/wp\/v2\/users\/1"}],"replies":[{"embeddable":true,"href":"https:\/\/masterf.com.pl\/index.php?rest_route=%2Fwp%2Fv2%2Fcomments&post=378"}],"version-history":[{"count":18,"href":"https:\/\/masterf.com.pl\/index.php?rest_route=\/wp\/v2\/pages\/378\/revisions"}],"predecessor-version":[{"id":457,"href":"https:\/\/masterf.com.pl\/index.php?rest_route=\/wp\/v2\/pages\/378\/revisions\/457"}],"up":[{"embeddable":true,"href":"https:\/\/masterf.com.pl\/index.php?rest_route=\/wp\/v2\/pages\/17"}],"wp:attachment":[{"href":"https:\/\/masterf.com.pl\/index.php?rest_route=%2Fwp%2Fv2%2Fmedia&parent=378"}],"curies":[{"name":"wp","href":"https:\/\/api.w.org\/{rel}","templated":true}]}}